{"id":180,"date":"2025-06-08T18:19:02","date_gmt":"2025-06-08T16:19:02","guid":{"rendered":"https:\/\/darfis.cz\/?page_id=180"},"modified":"2025-06-08T21:10:36","modified_gmt":"2025-06-08T19:10:36","slug":"mobilni-pedikura-2","status":"publish","type":"page","link":"https:\/\/darfis.cz\/?page_id=180","title":{"rendered":"Mobiln\u00ed pedik\u00fara"},"content":{"rendered":"\n<p>Tato slu\u017eba je ur\u010dena pro jednoho a\u017e p\u011bt \u010dlen\u016f rodiny, p\u0159\u00e1tel, klienty po operaci, d\u00e1le pro klienty kte\u0159\u00ed by do sal\u00f3nu ne\u0161li nebo pro klienty jejich\u017e zdravotn\u00ed stav neumo\u017e\u0148uje p\u0159ijet za mnou. <\/p>\n\n\n\n<h2 class=\"wp-block-heading has-medium-font-size\" style=\"font-style:normal;font-weight:600\">Jak se objednat&#8230;<\/h2>\n\n\n\n<p>Mou slu\u017ebu si m\u016f\u017eete objednat telefonicky nebo zasl\u00e1n\u00ed zpr\u00e1vy na m\u00e9 telefonn\u00ed \u010d\u00edslo, kter\u00e9 je uveden\u00e9 v kontaktech. D\u016fle\u017eit\u00e9 je uv\u00e9st <strong>datum a \u010das, m\u00edsto, po\u010det osob, v\u011bk a zdravotn\u00ed stav<\/strong> (nap\u0159. diabetik, probl\u00e9m s pohybov\u00fdm apar\u00e1tem apod.). V p\u0159\u00edpad\u011b \u017ee se nedovol\u00e1te nebo po\u0161lete zpr\u00e1vu, ozvu se V\u00e1m zp\u011bt a domluv\u00edme se.<\/p>\n\n\n\n<p><strong>POKUD SE V\u00c1M NEHOD\u00cd DOHODNUT\u00dd TERM\u00cdN<\/strong>, je nutn\u00e9 se omluvit nejpozd\u011bji <strong>24 hodin p\u0159edem! <\/strong>Jestli\u017ee se nestihnete omluvit v dan\u00e9m \u010dase, tak za sebe mus\u00edte <strong>nal\u00e9zt n\u00e1hradu<\/strong> nebo <strong>zaplatit 500 K\u010d <\/strong>za m\u016fj ztracen\u00fd \u010das. D\u011bkuji za pochopen\u00ed.<\/p>\n\n\n\n<h2 class=\"wp-block-heading has-medium-font-size\" style=\"font-style:normal;font-weight:600\">Jak to prob\u00edh\u00e1 u V\u00e1s doma&#8230;<\/h2>\n\n\n\n<p>P\u0159ijedu k V\u00e1m pln\u011b vybaven\u00e1, Vy si p\u0159iprav\u00edte pouze pohodlnou \u017eidli s op\u011brkou a ru\u010dn\u00edky podle po\u010dtu osob. <\/p>\n\n\n\n<p>Prohl\u00e9dnu a zdesinfikuji Va\u0161e nohy, ost\u0159\u00edh\u00e1m nehty, vy\u010dist\u00edm prostory pod nimi a nehtov\u00e9 valy. Nehty opatrn\u011b zten\u010d\u00edm bruskou. Odstran\u00edm zrohovat\u011blou k\u016f\u017ei na plosk\u00e1ch nohou, otlaky a p\u0159\u00edpadn\u011b vybrous\u00edm ku\u0159\u00ed oka. Na z\u00e1v\u011br o\u0161et\u0159\u00edm va\u0161e nohy kvalitn\u00ed pedik\u00e9rskou kosmetikou. V p\u0159\u00edpad\u011b z\u00e1jmu, je mo\u017en\u00e9 na nehty aplikovat gelov\u00fd lak. Vybrat si m\u016f\u017eete ze \u0161irok\u00e9 \u0161k\u00e1ly barev.<\/p>\n\n\n\n<p class=\"has-text-align-center has-medium-font-size\" style=\"font-style:normal;font-weight:800\"><strong>V \u017e\u00e1dn\u00e9m p\u0159\u00edpad\u011b si nohy p\u0159ed pedik\u00farou NENAM\u00c1\u010cEJTE!!!<\/strong><\/p>\n\n\n<div class=\"wp-block-image\">\n<figure class=\"aligncenter size-large is-resized\"><img loading=\"lazy\" decoding=\"async\" width=\"1024\" height=\"640\" src=\"http:\/\/darfis.cz\/wp-content\/uploads\/2025\/06\/Obrazek-WhatsApp-2025-06-01-v-20.08.54_ba8cc96c-1024x640.jpg\" alt=\"\" class=\"wp-image-138\" style=\"width:600px\" srcset=\"https:\/\/darfis.cz\/wp-content\/uploads\/2025\/06\/Obrazek-WhatsApp-2025-06-01-v-20.08.54_ba8cc96c-1024x640.jpg 1024w, https:\/\/darfis.cz\/wp-content\/uploads\/2025\/06\/Obrazek-WhatsApp-2025-06-01-v-20.08.54_ba8cc96c-350x219.jpg 350w, https:\/\/darfis.cz\/wp-content\/uploads\/2025\/06\/Obrazek-WhatsApp-2025-06-01-v-20.08.54_ba8cc96c-300x188.jpg 300w, https:\/\/darfis.cz\/wp-content\/uploads\/2025\/06\/Obrazek-WhatsApp-2025-06-01-v-20.08.54_ba8cc96c-768x480.jpg 768w, https:\/\/darfis.cz\/wp-content\/uploads\/2025\/06\/Obrazek-WhatsApp-2025-06-01-v-20.08.54_ba8cc96c-1536x960.jpg 1536w, https:\/\/darfis.cz\/wp-content\/uploads\/2025\/06\/Obrazek-WhatsApp-2025-06-01-v-20.08.54_ba8cc96c.jpg 1600w\" sizes=\"auto, (max-width: 767px) 89vw, (max-width: 1000px) 54vw, (max-width: 1071px) 543px, 580px\" \/><\/figure>\n<\/div>","protected":false},"excerpt":{"rendered":"<p>Tato slu\u017eba je ur\u010dena pro jednoho a\u017e p\u011bt \u010dlen\u016f rodiny, p\u0159\u00e1tel, klienty po operaci, d\u00e1le pro klienty kte\u0159\u00ed by do sal\u00f3nu ne\u0161li nebo pro klienty jejich\u017e zdravotn\u00ed stav neumo\u017e\u0148uje p\u0159ijet za mnou. Jak se objednat&#8230; Mou slu\u017ebu si m\u016f\u017eete objednat telefonicky nebo zasl\u00e1n\u00ed zpr\u00e1vy na m\u00e9 telefonn\u00ed \u010d\u00edslo, kter\u00e9 je uveden\u00e9 v kontaktech. D\u016fle\u017eit\u00e9 je &hellip; <\/p>\n<p class=\"link-more\"><a href=\"https:\/\/darfis.cz\/?page_id=180\" class=\"more-link\">Pokra\u010dovat ve \u010dten\u00ed<span class=\"screen-reader-text\"> &#8222;Mobiln\u00ed pedik\u00fara&#8220;<\/span><\/a><\/p>\n","protected":false},"author":1,"featured_media":0,"parent":0,"menu_order":0,"comment_status":"closed","ping_status":"closed","template":"","meta":{"footnotes":""},"class_list":["post-180","page","type-page","status-publish","hentry"],"_links":{"self":[{"href":"https:\/\/darfis.cz\/index.php?rest_route=\/wp\/v2\/pages\/180","targetHints":{"allow":["GET"]}}],"collection":[{"href":"https:\/\/darfis.cz\/index.php?rest_route=\/wp\/v2\/pages"}],"about":[{"href":"https:\/\/darfis.cz\/index.php?rest_route=\/wp\/v2\/types\/page"}],"author":[{"embeddable":true,"href":"https:\/\/darfis.cz\/index.php?rest_route=\/wp\/v2\/users\/1"}],"replies":[{"embeddable":true,"href":"https:\/\/darfis.cz\/index.php?rest_route=%2Fwp%2Fv2%2Fcomments&post=180"}],"version-history":[{"count":4,"href":"https:\/\/darfis.cz\/index.php?rest_route=\/wp\/v2\/pages\/180\/revisions"}],"predecessor-version":[{"id":279,"href":"https:\/\/darfis.cz\/index.php?rest_route=\/wp\/v2\/pages\/180\/revisions\/279"}],"wp:attachment":[{"href":"https:\/\/darfis.cz\/index.php?rest_route=%2Fwp%2Fv2%2Fmedia&parent=180"}],"curies":[{"name":"wp","href":"https:\/\/api.w.org\/{rel}","templated":true}]}}