{"id":305,"date":"2025-06-29T20:20:43","date_gmt":"2025-06-29T18:20:43","guid":{"rendered":"https:\/\/darfis.cz\/?page_id=305"},"modified":"2026-02-02T18:41:16","modified_gmt":"2026-02-02T17:41:16","slug":"cenik-mobilni-pedikura","status":"publish","type":"page","link":"https:\/\/darfis.cz\/?page_id=305","title":{"rendered":"Cen\u00edk mobiln\u00ed pedik\u00fara"},"content":{"rendered":"\n<p>Pedik\u00fara prov\u00e1d\u011bn\u00e1 u klienta.<\/p>\n\n\n\n<div class=\"wp-block-columns is-layout-flex wp-container-core-columns-is-layout-9d6595d7 wp-block-columns-is-layout-flex\">\n<div class=\"wp-block-column is-layout-flow wp-block-column-is-layout-flow\" style=\"flex-basis:66.66%\">\n<ul class=\"wp-block-list\">\n<li class=\"has-medium-font-size\"><strong>Pedik\u00fara <\/strong>(mokr\u00e1)\n<ul class=\"wp-block-list\">\n<li class=\"has-small-font-size\">koupel, desinfekce, \u00faprava neht\u016f, \u010di\u0161t\u011bn\u00ed val\u016f, odstran\u011bn\u00ed ztvrdl\u00e9 k\u016f\u017ee a velk\u00fd otlak\u016f, zahlazen\u00ed, vmas\u00edrov\u00e1n\u00ed v\u00fd\u017eivn\u00e9ho podologick\u00e9ho kr\u00e9mu<\/li>\n<\/ul>\n<\/li>\n<\/ul>\n<\/div>\n\n\n\n<div class=\"wp-block-column is-layout-flow wp-block-column-is-layout-flow\" style=\"flex-basis:33.33%\">\n<p class=\"has-medium-font-size\"><strong>600,- K\u010d<\/strong><\/p>\n<\/div>\n<\/div>\n\n\n\n<div class=\"wp-block-columns is-layout-flex wp-container-core-columns-is-layout-9d6595d7 wp-block-columns-is-layout-flex\">\n<div class=\"wp-block-column is-layout-flow wp-block-column-is-layout-flow\" style=\"flex-basis:66.66%\">\n<ul class=\"wp-block-list\">\n<li class=\"has-medium-font-size\"><strong>Pedik\u00fara<\/strong> (mokr\u00e1) <strong>+ gel lak<\/strong>\n<ul class=\"wp-block-list\">\n<li class=\"has-small-font-size\">koupel, desinfekce, \u00faprava neht\u016f, \u010di\u0161t\u011bn\u00ed val\u016f, odstran\u011bn\u00ed ztvrdl\u00e9 k\u016f\u017ee a velk\u00fd otlak\u016f, zahlazen\u00ed, vmas\u00edrov\u00e1n\u00ed v\u00fd\u017eivn\u00e9ho podologick\u00e9ho kr\u00e9mu, lekov\u00e1n\u00ed gel lakem<\/li>\n<\/ul>\n<\/li>\n<\/ul>\n<\/div>\n\n\n\n<div class=\"wp-block-column is-layout-flow wp-block-column-is-layout-flow\" style=\"flex-basis:33.33%\">\n<p class=\"has-medium-font-size\"><strong>750,- K\u010d<\/strong><\/p>\n<\/div>\n<\/div>\n\n\n\n<div class=\"wp-block-columns is-layout-flex wp-container-core-columns-is-layout-9d6595d7 wp-block-columns-is-layout-flex\">\n<div class=\"wp-block-column is-layout-flow wp-block-column-is-layout-flow\" style=\"flex-basis:66.66%\">\n<ul class=\"wp-block-list\">\n<li class=\"has-medium-font-size\"><strong>Odstran\u011bn\u00ed ku\u0159\u00edho oka<\/strong>\n<ul class=\"wp-block-list\">\n<li class=\"has-vivid-red-color has-text-color has-link-color has-small-font-size wp-elements-8a6f20fb1e0a0ea2248822754789cb79\">mo\u017eno pouze s pedik\u00farou<\/li>\n<\/ul>\n<\/li>\n<\/ul>\n<\/div>\n\n\n\n<div class=\"wp-block-column is-layout-flow wp-block-column-is-layout-flow\" style=\"flex-basis:33.33%\">\n<p class=\"has-medium-font-size\"><strong>300,- K\u010d<\/strong><\/p>\n<\/div>\n<\/div>\n\n\n\n<div class=\"wp-block-columns is-layout-flex wp-container-core-columns-is-layout-9d6595d7 wp-block-columns-is-layout-flex\">\n<div class=\"wp-block-column is-layout-flow wp-block-column-is-layout-flow\" style=\"flex-basis:66.66%\">\n<ul class=\"wp-block-list\">\n<li class=\"has-medium-font-size\"><strong>O\u0161et\u0159en\u00ed zarostl\u00e9ho nehtu<\/strong> (Tampon\u00e1da)\n<ul class=\"wp-block-list\">\n<li class=\"has-vivid-red-color has-text-color has-link-color has-small-font-size wp-elements-8a6f20fb1e0a0ea2248822754789cb79\">mo\u017eno pouze s pedik\u00farou<\/li>\n<\/ul>\n<\/li>\n<\/ul>\n<\/div>\n\n\n\n<div class=\"wp-block-column is-layout-flow wp-block-column-is-layout-flow\" style=\"flex-basis:33.33%\">\n<p class=\"has-medium-font-size\"><strong>200,- K\u010d<\/strong><\/p>\n<\/div>\n<\/div>\n\n\n\n<div class=\"wp-block-columns is-layout-flex wp-container-core-columns-is-layout-9d6595d7 wp-block-columns-is-layout-flex\">\n<div class=\"wp-block-column is-layout-flow wp-block-column-is-layout-flow\" style=\"flex-basis:66.66%\">\n<ul class=\"wp-block-list\">\n<li class=\"has-medium-font-size\"><strong>Rovn\u00e1n\u00ed neht\u016f<\/strong> <strong>Orthonyxie<\/strong> (rovn\u00e1tka) \n<ul class=\"wp-block-list\">\n<li class=\"has-vivid-red-color has-text-color has-link-color has-small-font-size wp-elements-8a6f20fb1e0a0ea2248822754789cb79\">mo\u017eno pouze s pedik\u00farou<\/li>\n<\/ul>\n<\/li>\n<\/ul>\n<\/div>\n\n\n\n<div class=\"wp-block-column is-layout-flow wp-block-column-is-layout-flow\" style=\"flex-basis:33.33%\">\n<p class=\"has-medium-font-size\"><strong>500,- K\u010d<\/strong><\/p>\n<\/div>\n<\/div>\n\n\n\n<div class=\"wp-block-columns is-layout-flex wp-container-core-columns-is-layout-9d6595d7 wp-block-columns-is-layout-flex\">\n<div class=\"wp-block-column is-layout-flow wp-block-column-is-layout-flow\" style=\"flex-basis:66.66%\">\n<ul class=\"wp-block-list\">\n<li class=\"has-medium-font-size\"><strong>Nehtov\u00e1 protetika<\/strong>\n<ul class=\"wp-block-list\">\n<li class=\"has-small-font-size\">prodlou\u017een\u00ed nehtu, estetick\u00e1 korekce nehtu<\/li>\n\n\n\n<li class=\"has-vivid-red-color has-text-color has-link-color has-small-font-size wp-elements-8a6f20fb1e0a0ea2248822754789cb79\">mo\u017eno pouze s pedik\u00farou<\/li>\n<\/ul>\n<\/li>\n<\/ul>\n<\/div>\n\n\n\n<div class=\"wp-block-column is-layout-flow wp-block-column-is-layout-flow\" style=\"flex-basis:33.33%\">\n<p class=\"has-medium-font-size\"><strong>400,- K\u010d<\/strong><\/p>\n<\/div>\n<\/div>\n\n\n\n<div class=\"wp-block-columns is-layout-flex wp-container-core-columns-is-layout-9d6595d7 wp-block-columns-is-layout-flex\">\n<div class=\"wp-block-column is-layout-flow wp-block-column-is-layout-flow\" style=\"flex-basis:66.66%\">\n<ul class=\"wp-block-list\">\n<li class=\"has-medium-font-size\"><strong>Korektor<\/strong>\n<ul class=\"wp-block-list\">\n<li class=\"has-small-font-size\">meziprstn\u00ed v\u00fdroba silikov\u00e9ho korektoru na m\u00edru<\/li>\n\n\n\n<li class=\"has-vivid-red-color has-text-color has-link-color has-small-font-size wp-elements-8a6f20fb1e0a0ea2248822754789cb79\">mo\u017eno pouze s pedik\u00farou<\/li>\n<\/ul>\n<\/li>\n<\/ul>\n<\/div>\n\n\n\n<div class=\"wp-block-column is-layout-flow wp-block-column-is-layout-flow\" style=\"flex-basis:33.33%\">\n<p class=\"has-medium-font-size\"><strong>250,- K\u010d<\/strong><\/p>\n<\/div>\n<\/div>\n\n\n\n<div class=\"wp-block-columns is-layout-flex wp-container-core-columns-is-layout-9d6595d7 wp-block-columns-is-layout-flex\">\n<div class=\"wp-block-column is-layout-flow wp-block-column-is-layout-flow\" style=\"flex-basis:66.66%\">\n<ul class=\"wp-block-list\">\n<li class=\"has-medium-font-size\"><strong>Rag\u00e1dy<\/strong> (praskliny)\n<ul class=\"wp-block-list\">\n<li class=\"has-vivid-red-color has-text-color has-link-color has-small-font-size wp-elements-8a6f20fb1e0a0ea2248822754789cb79\">mo\u017eno pouze s pedik\u00farou<\/li>\n<\/ul>\n<\/li>\n<\/ul>\n<\/div>\n\n\n\n<div class=\"wp-block-column is-layout-flow wp-block-column-is-layout-flow\" style=\"flex-basis:33.33%\">\n<p class=\"has-medium-font-size\"><strong>100,- K\u010d<\/strong><\/p>\n<\/div>\n<\/div>\n","protected":false},"excerpt":{"rendered":"<p>Pedik\u00fara prov\u00e1d\u011bn\u00e1 u klienta. 600,- K\u010d 750,- K\u010d 300,- K\u010d 200,- K\u010d 500,- K\u010d 400,- K\u010d 250,- K\u010d 100,- K\u010d<\/p>\n","protected":false},"author":1,"featured_media":0,"parent":0,"menu_order":0,"comment_status":"closed","ping_status":"closed","template":"","meta":{"footnotes":""},"class_list":["post-305","page","type-page","status-publish","hentry"],"_links":{"self":[{"href":"https:\/\/darfis.cz\/index.php?rest_route=\/wp\/v2\/pages\/305","targetHints":{"allow":["GET"]}}],"collection":[{"href":"https:\/\/darfis.cz\/index.php?rest_route=\/wp\/v2\/pages"}],"about":[{"href":"https:\/\/darfis.cz\/index.php?rest_route=\/wp\/v2\/types\/page"}],"author":[{"embeddable":true,"href":"https:\/\/darfis.cz\/index.php?rest_route=\/wp\/v2\/users\/1"}],"replies":[{"embeddable":true,"href":"https:\/\/darfis.cz\/index.php?rest_route=%2Fwp%2Fv2%2Fcomments&post=305"}],"version-history":[{"count":6,"href":"https:\/\/darfis.cz\/index.php?rest_route=\/wp\/v2\/pages\/305\/revisions"}],"predecessor-version":[{"id":340,"href":"https:\/\/darfis.cz\/index.php?rest_route=\/wp\/v2\/pages\/305\/revisions\/340"}],"wp:attachment":[{"href":"https:\/\/darfis.cz\/index.php?rest_route=%2Fwp%2Fv2%2Fmedia&parent=305"}],"curies":[{"name":"wp","href":"https:\/\/api.w.org\/{rel}","templated":true}]}}