{"id":50,"date":"2025-05-18T18:00:18","date_gmt":"2025-05-18T16:00:18","guid":{"rendered":"https:\/\/darfis.cz\/?page_id=50"},"modified":"2025-06-08T20:04:14","modified_gmt":"2025-06-08T18:04:14","slug":"manikura","status":"publish","type":"page","link":"https:\/\/darfis.cz\/?page_id=50","title":{"rendered":"Manik\u00fara"},"content":{"rendered":"\n<p class=\"has-medium-font-size\">Radost z kr\u00e1sn\u00fdch rukou.<\/p>\n\n\n\n<p>     Odreagujete se u komplexn\u00ed p\u00e9\u010de o Va\u0161e ruce, Pou\u017e\u00edv\u00e1m kvalitn\u00ed p\u0159\u00edpravky s \u00fa\u010dinn\u00fdmi vitam\u00edny a p\u0159\u00edrodn\u00edmi oleji pro velmi suchou a opot\u0159ebovanou poko\u017eku na rukou a probl\u00e9my s nehty.<\/p>\n\n\n\n<p>     Sou\u010d\u00e1st\u00ed manik\u00fary m\u016f\u017ee b\u00fdt lakov\u00e1n\u00ed neht\u016f nebo aplikace um\u011bl\u00fdch neht\u016f. D\u00e1le nab\u00edz\u00edm modelaci neht\u016f pomoc\u00ed UV gel\u016f. Sna\u017e\u00edm se aby tvar neht\u016f byl co nejv\u00edce p\u0159irozen\u00fd a gel p\u016fsobil tenk\u00fd.<\/p>\n\n\n<div class=\"wp-block-image is-style-default\">\n<figure class=\"aligncenter size-large is-resized\"><img loading=\"lazy\" decoding=\"async\" width=\"1024\" height=\"800\" src=\"http:\/\/darfis.cz\/wp-content\/uploads\/2025\/06\/Obrazek-WhatsApp-2025-06-01-v-20.08.54_93deb0c8-1024x800.jpg\" alt=\"\" class=\"wp-image-137\" style=\"width:600px\" srcset=\"https:\/\/darfis.cz\/wp-content\/uploads\/2025\/06\/Obrazek-WhatsApp-2025-06-01-v-20.08.54_93deb0c8-1024x800.jpg 1024w, https:\/\/darfis.cz\/wp-content\/uploads\/2025\/06\/Obrazek-WhatsApp-2025-06-01-v-20.08.54_93deb0c8-350x273.jpg 350w, https:\/\/darfis.cz\/wp-content\/uploads\/2025\/06\/Obrazek-WhatsApp-2025-06-01-v-20.08.54_93deb0c8-300x234.jpg 300w, https:\/\/darfis.cz\/wp-content\/uploads\/2025\/06\/Obrazek-WhatsApp-2025-06-01-v-20.08.54_93deb0c8-768x600.jpg 768w, https:\/\/darfis.cz\/wp-content\/uploads\/2025\/06\/Obrazek-WhatsApp-2025-06-01-v-20.08.54_93deb0c8.jpg 1371w\" sizes=\"auto, (max-width: 767px) 89vw, (max-width: 1000px) 54vw, (max-width: 1071px) 543px, 580px\" \/><\/figure>\n<\/div>","protected":false},"excerpt":{"rendered":"<p>Radost z kr\u00e1sn\u00fdch rukou. Odreagujete se u komplexn\u00ed p\u00e9\u010de o Va\u0161e ruce, Pou\u017e\u00edv\u00e1m kvalitn\u00ed p\u0159\u00edpravky s \u00fa\u010dinn\u00fdmi vitam\u00edny a p\u0159\u00edrodn\u00edmi oleji pro velmi suchou a opot\u0159ebovanou poko\u017eku na rukou a probl\u00e9my s nehty. Sou\u010d\u00e1st\u00ed manik\u00fary m\u016f\u017ee b\u00fdt lakov\u00e1n\u00ed neht\u016f nebo aplikace um\u011bl\u00fdch neht\u016f. D\u00e1le nab\u00edz\u00edm modelaci neht\u016f pomoc\u00ed UV gel\u016f. Sna\u017e\u00edm se aby tvar neht\u016f &hellip; <\/p>\n<p class=\"link-more\"><a href=\"https:\/\/darfis.cz\/?page_id=50\" class=\"more-link\">Pokra\u010dovat ve \u010dten\u00ed<span class=\"screen-reader-text\"> &#8222;Manik\u00fara&#8220;<\/span><\/a><\/p>\n","protected":false},"author":1,"featured_media":0,"parent":0,"menu_order":0,"comment_status":"closed","ping_status":"closed","template":"","meta":{"footnotes":""},"class_list":["post-50","page","type-page","status-publish","hentry"],"_links":{"self":[{"href":"https:\/\/darfis.cz\/index.php?rest_route=\/wp\/v2\/pages\/50","targetHints":{"allow":["GET"]}}],"collection":[{"href":"https:\/\/darfis.cz\/index.php?rest_route=\/wp\/v2\/pages"}],"about":[{"href":"https:\/\/darfis.cz\/index.php?rest_route=\/wp\/v2\/types\/page"}],"author":[{"embeddable":true,"href":"https:\/\/darfis.cz\/index.php?rest_route=\/wp\/v2\/users\/1"}],"replies":[{"embeddable":true,"href":"https:\/\/darfis.cz\/index.php?rest_route=%2Fwp%2Fv2%2Fcomments&post=50"}],"version-history":[{"count":5,"href":"https:\/\/darfis.cz\/index.php?rest_route=\/wp\/v2\/pages\/50\/revisions"}],"predecessor-version":[{"id":272,"href":"https:\/\/darfis.cz\/index.php?rest_route=\/wp\/v2\/pages\/50\/revisions\/272"}],"wp:attachment":[{"href":"https:\/\/darfis.cz\/index.php?rest_route=%2Fwp%2Fv2%2Fmedia&parent=50"}],"curies":[{"name":"wp","href":"https:\/\/api.w.org\/{rel}","templated":true}]}}