{"id":54,"date":"2025-05-18T18:00:18","date_gmt":"2025-05-18T16:00:18","guid":{"rendered":"https:\/\/darfis.cz\/?page_id=54"},"modified":"2026-03-29T13:42:54","modified_gmt":"2026-03-29T11:42:54","slug":"cenik","status":"publish","type":"page","link":"https:\/\/darfis.cz\/?page_id=54","title":{"rendered":"Cen\u00edk"},"content":{"rendered":"\n<div class=\"wp-block-columns is-layout-flex wp-container-core-columns-is-layout-9d6595d7 wp-block-columns-is-layout-flex\">\n<div class=\"wp-block-column has-medium-font-size is-layout-flow wp-block-column-is-layout-flow\">\n<p class=\"has-text-align-center\"><strong><a href=\"https:\/\/darfis.cz\/?page_id=303\" data-type=\"page\" data-id=\"303\">Manik\u00fara<\/a><\/strong><\/p>\n<\/div>\n\n\n\n<div class=\"wp-block-column is-layout-flow wp-block-column-is-layout-flow\">\n<p class=\"has-text-align-center has-medium-font-size\"><\/p>\n<\/div>\n\n\n\n<div class=\"wp-block-column is-layout-flow wp-block-column-is-layout-flow\">\n<p class=\"has-text-align-left has-medium-font-size\" style=\"font-style:normal;font-weight:100\"><strong><a href=\"https:\/\/darfis.cz\/?page_id=305\" data-type=\"page\" data-id=\"305\">Mobiln\u00ed pedik\u00fara<\/a><\/strong><\/p>\n<\/div>\n<\/div>\n\n\n<div class=\"wp-block-image\">\n<figure class=\"aligncenter size-large is-resized\"><img loading=\"lazy\" decoding=\"async\" width=\"1024\" height=\"661\" src=\"http:\/\/darfis.cz\/wp-content\/uploads\/2025\/06\/Obrazek-WhatsApp-2025-06-01-v-20.08.54_28f80cc5-1024x661.jpg\" alt=\"\" class=\"wp-image-135\" style=\"width:600px\" srcset=\"https:\/\/darfis.cz\/wp-content\/uploads\/2025\/06\/Obrazek-WhatsApp-2025-06-01-v-20.08.54_28f80cc5-1024x661.jpg 1024w, https:\/\/darfis.cz\/wp-content\/uploads\/2025\/06\/Obrazek-WhatsApp-2025-06-01-v-20.08.54_28f80cc5-350x226.jpg 350w, https:\/\/darfis.cz\/wp-content\/uploads\/2025\/06\/Obrazek-WhatsApp-2025-06-01-v-20.08.54_28f80cc5-300x194.jpg 300w, https:\/\/darfis.cz\/wp-content\/uploads\/2025\/06\/Obrazek-WhatsApp-2025-06-01-v-20.08.54_28f80cc5-768x496.jpg 768w, https:\/\/darfis.cz\/wp-content\/uploads\/2025\/06\/Obrazek-WhatsApp-2025-06-01-v-20.08.54_28f80cc5.jpg 1470w\" sizes=\"auto, (max-width: 767px) 89vw, (max-width: 1000px) 54vw, (max-width: 1071px) 543px, 580px\" \/><\/figure>\n<\/div>","protected":false},"excerpt":{"rendered":"<p>Manik\u00fara Mobiln\u00ed pedik\u00fara<\/p>\n","protected":false},"author":1,"featured_media":0,"parent":0,"menu_order":0,"comment_status":"closed","ping_status":"closed","template":"","meta":{"footnotes":""},"class_list":["post-54","page","type-page","status-publish","hentry"],"_links":{"self":[{"href":"https:\/\/darfis.cz\/index.php?rest_route=\/wp\/v2\/pages\/54","targetHints":{"allow":["GET"]}}],"collection":[{"href":"https:\/\/darfis.cz\/index.php?rest_route=\/wp\/v2\/pages"}],"about":[{"href":"https:\/\/darfis.cz\/index.php?rest_route=\/wp\/v2\/types\/page"}],"author":[{"embeddable":true,"href":"https:\/\/darfis.cz\/index.php?rest_route=\/wp\/v2\/users\/1"}],"replies":[{"embeddable":true,"href":"https:\/\/darfis.cz\/index.php?rest_route=%2Fwp%2Fv2%2Fcomments&post=54"}],"version-history":[{"count":8,"href":"https:\/\/darfis.cz\/index.php?rest_route=\/wp\/v2\/pages\/54\/revisions"}],"predecessor-version":[{"id":346,"href":"https:\/\/darfis.cz\/index.php?rest_route=\/wp\/v2\/pages\/54\/revisions\/346"}],"wp:attachment":[{"href":"https:\/\/darfis.cz\/index.php?rest_route=%2Fwp%2Fv2%2Fmedia&parent=54"}],"curies":[{"name":"wp","href":"https:\/\/api.w.org\/{rel}","templated":true}]}}